{"id":942,"date":"2023-09-25T17:06:00","date_gmt":"2023-09-25T17:06:00","guid":{"rendered":"https:\/\/torresabogadosvillalba.com\/index.php\/abogados-de-derecho-de-familia-en-collado-villalba-2\/"},"modified":"2023-09-25T17:06:00","modified_gmt":"2023-09-25T17:06:00","slug":"abogados-de-derecho-de-familia-en-collado-villalba-2","status":"publish","type":"page","link":"https:\/\/torresabogadosvillalba.com\/index.php\/abogados-de-derecho-de-familia-en-collado-villalba-2\/","title":{"rendered":"Abogados de Derecho de Familia en Collado Villalba"},"content":{"rendered":"<p>Somos un despacho de abogados especializados en derecho de familia en Collado Villalba. Nuestro objetivo principal es ofrecer asesoramiento y representaci\u00f3n legal a personas que se encuentren en situaciones familiares complicadas, como divorcios, custodia de hijos, pensi\u00f3n alimenticia y adopciones, entre otros.<\/p>\n<p>En nuestro despacho contamos con un equipo de abogados expertos en derecho de familia, con amplia experiencia y conocimientos en las leyes y regulaciones vigentes en Espa\u00f1a. Nos esforzamos por brindar un servicio personalizado y de calidad, adapt\u00e1ndonos a las necesidades y circunstancias particulares de cada cliente.<\/p>\n<p>Los divorcios son uno de los casos m\u00e1s comunes en los que intervenimos. Entendemos que este proceso puede ser emocionalmente agotador y complicado, por lo que nos comprometemos a brindar apoyo legal y asesoramiento durante todo el proceso. Nuestro objetivo es garantizar que nuestros clientes obtengan los mejores resultados posibles en t\u00e9rminos de divisi\u00f3n de bienes, custodia de los hijos y pensi\u00f3n alimenticia.<\/p>\n<p>Adem\u00e1s de los divorcios, tambi\u00e9n ofrecemos servicios legales en casos de adopciones. Entendemos que el proceso de adopci\u00f3n puede ser largo y complejo, por lo que nos comprometemos a brindar todo el apoyo necesario a las familias que desean adoptar. Trabajaremos de cerca con nuestros clientes para asegurarnos de que cumplan con todos los requisitos legales y que el proceso de adopci\u00f3n sea exitoso.<\/p>\n<p>En nuestro despacho de abogados en Collado Villalba, nos enorgullece ofrecer un servicio integral en derecho de familia. Nuestro compromiso es ayudar a nuestros clientes a resolver sus problemas legales de manera justa y equitativa. Si est\u00e1 buscando asesoramiento legal en casos de derecho de familia, no dude en contactarnos. Estamos aqu\u00ed para ayudarlo.<\/p>\n","protected":false},"excerpt":{"rendered":"<p>Somos un despacho de abogados especializados en derecho de familia en Collado Villalba. Nuestro objetivo principal es ofrecer asesoramiento y representaci\u00f3n legal a personas que se encuentren en situaciones familiares complicadas, como divorcios, custodia de hijos, pensi\u00f3n alimenticia y adopciones, entre otros. En nuestro despacho contamos con un equipo de abogados expertos en derecho de [&hellip;]<\/p>\n","protected":false},"author":1,"featured_media":941,"parent":0,"menu_order":0,"comment_status":"closed","ping_status":"closed","template":"","meta":{"om_disable_all_campaigns":false,"_monsterinsights_skip_tracking":false,"_monsterinsights_sitenote_active":false,"_monsterinsights_sitenote_note":"","_monsterinsights_sitenote_category":0,"site-sidebar-layout":"default","site-content-layout":"","ast-site-content-layout":"default","site-content-style":"default","site-sidebar-style":"default","ast-global-header-display":"","ast-banner-title-visibility":"","ast-main-header-display":"","ast-hfb-above-header-display":"","ast-hfb-below-header-display":"","ast-hfb-mobile-header-display":"","site-post-title":"","ast-breadcrumbs-content":"","ast-featured-img":"","footer-sml-layout":"","ast-disable-related-posts":"","theme-transparent-header-meta":"","adv-header-id-meta":"","stick-header-meta":"","header-above-stick-meta":"","header-main-stick-meta":"","header-below-stick-meta":"","astra-migrate-meta-layouts":"default","ast-page-background-enabled":"default","ast-page-background-meta":{"desktop":{"background-color":"var(--ast-global-color-4)","background-image":"","background-repeat":"repeat","background-position":"center center","background-size":"auto","background-attachment":"scroll","background-type":"","background-media":"","overlay-type":"","overlay-color":"","overlay-opacity":"","overlay-gradient":""},"tablet":{"background-color":"","background-image":"","background-repeat":"repeat","background-position":"center center","background-size":"auto","background-attachment":"scroll","background-type":"","background-media":"","overlay-type":"","overlay-color":"","overlay-opacity":"","overlay-gradient":""},"mobile":{"background-color":"","background-image":"","background-repeat":"repeat","background-position":"center center","background-size":"auto","background-attachment":"scroll","background-type":"","background-media":"","overlay-type":"","overlay-color":"","overlay-opacity":"","overlay-gradient":""}},"ast-content-background-meta":{"desktop":{"background-color":"var(--ast-global-color-5)","background-image":"","background-repeat":"repeat","background-position":"center center","background-size":"auto","background-attachment":"scroll","background-type":"","background-media":"","overlay-type":"","overlay-color":"","overlay-opacity":"","overlay-gradient":""},"tablet":{"background-color":"var(--ast-global-color-5)","background-image":"","background-repeat":"repeat","background-position":"center center","background-size":"auto","background-attachment":"scroll","background-type":"","background-media":"","overlay-type":"","overlay-color":"","overlay-opacity":"","overlay-gradient":""},"mobile":{"background-color":"var(--ast-global-color-5)","background-image":"","background-repeat":"repeat","background-position":"center center","background-size":"auto","background-attachment":"scroll","background-type":"","background-media":"","overlay-type":"","overlay-color":"","overlay-opacity":"","overlay-gradient":""}},"footnotes":""},"class_list":["post-942","page","type-page","status-publish","has-post-thumbnail","hentry"],"aioseo_notices":[],"_links":{"self":[{"href":"https:\/\/torresabogadosvillalba.com\/index.php\/wp-json\/wp\/v2\/pages\/942","targetHints":{"allow":["GET"]}}],"collection":[{"href":"https:\/\/torresabogadosvillalba.com\/index.php\/wp-json\/wp\/v2\/pages"}],"about":[{"href":"https:\/\/torresabogadosvillalba.com\/index.php\/wp-json\/wp\/v2\/types\/page"}],"author":[{"embeddable":true,"href":"https:\/\/torresabogadosvillalba.com\/index.php\/wp-json\/wp\/v2\/users\/1"}],"replies":[{"embeddable":true,"href":"https:\/\/torresabogadosvillalba.com\/index.php\/wp-json\/wp\/v2\/comments?post=942"}],"version-history":[{"count":0,"href":"https:\/\/torresabogadosvillalba.com\/index.php\/wp-json\/wp\/v2\/pages\/942\/revisions"}],"wp:featuredmedia":[{"embeddable":true,"href":"https:\/\/torresabogadosvillalba.com\/index.php\/wp-json\/wp\/v2\/media\/941"}],"wp:attachment":[{"href":"https:\/\/torresabogadosvillalba.com\/index.php\/wp-json\/wp\/v2\/media?parent=942"}],"curies":[{"name":"wp","href":"https:\/\/api.w.org\/{rel}","templated":true}]}}